{"id":101,"date":"2023-02-28T09:37:07","date_gmt":"2023-02-28T09:37:07","guid":{"rendered":"https:\/\/nhansuanha.vn\/?page_id=101"},"modified":"2023-03-13T13:57:47","modified_gmt":"2023-03-13T13:57:47","slug":"lien-he","status":"publish","type":"page","link":"https:\/\/nhansuanha.vn\/?page_id=101","title":{"rendered":"LI\u00caN H\u1ec6"},"content":{"rendered":"\n<p><strong>Li\u00ean h\u1ec7 kh\u1ea3o s\u00e1t, b\u00e1o gi\u00e1 c\u00f4ng tr\u00ecnh s\u1eeda ch\u1eefa nh\u00e0 t\u1ea1i hcm:<\/strong><\/p>\n<h2>GI\u1ea2 V\u0102N H\u1eacU<\/h2>\n<p>( * ) &nbsp;\u0110i\u1ec7n tho\u1ea1i:&nbsp;0938 279 628 &#8211;&nbsp; 0902 652 130&nbsp;<\/p>\n<p>( * ) \u0110\u1ecba ch\u1ec9:&nbsp;83 \/ 3 \u0111\u01b0\u1eddng \u0110\u00f4ng H\u01b0ng Thu\u1eadn 2,&nbsp;ph\u01b0\u1eddng T\u00e2n H\u01b0ng Thu\u1eadn, qu\u1eadn 12, HCM&nbsp;&nbsp;<\/p>\n<p>&nbsp;<\/p>\n<p><em>Ch\u00fang t\u00f4i cam k\u1ebft d\u1ecbch v\u1ee5 s\u1eeda ch\u1eefa nh\u00e0 uy t\u00edn v\u00e0 gi\u00e1 h\u1ee3p l\u00fd nh\u1ea5t.<\/em><\/p>\n<div class=\"row row-large align-middle align-center\"  id=\"row-570706615\">\n\n\n\t<div id=\"col-1140661256\" class=\"col medium-6 small-12 large-6\"  >\n\t\t\t\t<div class=\"col-inner box-shadow-2 box-shadow-5-hover\" style=\"background-color:rgb(255, 255, 255);\" >\n\t\t\t\n\t\t\t\n\n\n\t\t<\/div>\n\t\t\t\t\n<style>\n#col-1140661256 > .col-inner {\n  padding: 15px 15px 15px 15px;\n}\n<\/style>\n\t<\/div>\n\n\t\n\n\t<div id=\"col-35121767\" class=\"col medium-6 small-12 large-6\"  >\n\t\t\t\t<div class=\"col-inner text-center\"  >\n\t\t\t\n\t\t\t\n\n\t<div id=\"text-615469977\" class=\"text\">\n\t\t\n\n<p>Qu\u00fd kh\u00e1ch c\u00f3 nhu c\u1ea7u \u0111\u1ebfn c\u00e1c d\u1ecbch v\u1ee5 c\u1ee7a ch\u00fang t\u00f4i d\u01b0\u1edbi \u0111\u00e2y, vui l\u00f2ng li\u00ean h\u1ec7 GI\u1ea2 V\u0102N H\u1eacU \u0111\u1ec3 \u0111\u01b0\u1ee3c t\u01b0 v\u1ea5n b\u00e1o gi\u00e1 v\u00e0 thi c\u00f4ng:<\/p>\n<p>&nbsp;<\/p>\n<ul>\n<li><a href=\"https:\/\/nhansuanha.vn\/?p=35\">S\u01a1n nh\u00e0 gi\u00e1 r\u1ebb hcm<\/a><\/li>\n<li><a href=\"https:\/\/nhansuanha.vn\/?p=38\">S\u1eeda ch\u1eefa \u0111i\u1ec7n n\u01b0\u1edbc gi\u00e1 r\u1ebb t\u1ea1i tphcm<\/a><\/li>\n<li><a href=\"https:\/\/nhansuanha.vn\/?p=41\">\u1ed0p l\u00e1t nh\u00e0 \u1edf, ph\u00f2ng t\u1eafm,nh\u00e0 v\u1ec7 sinh \u0111\u1eb9p gi\u00e1 r\u1ebb<\/a><\/li>\n<li><a href=\"https:\/\/nhansuanha.vn\/?p=44\">Ch\u1ed1ng th\u1ea5m nh\u00e0 v\u1ec7 sinh,ch\u1ed1ng th\u1ea5m s\u00e0n nh\u00e0<\/a><\/li>\n<li><a href=\"https:\/\/nhansuanha.vn\/?p=47\">L\u1ee3p t\u00f4n ch\u1ed1ng n\u00f3ng, l\u1ee3p t\u00f4n gi\u1ea3 ng\u00f3i gi\u00e1 r\u1ebb tphcm<\/a><\/li>\n<li><a href=\"https:\/\/nhansuanha.vn\/?p=50\">Thi c\u00f4ng tr\u1ea7n th\u1ea1ch cao, tr\u1ea7n nh\u1ef1a<\/a><\/li>\n<li><a href=\"https:\/\/nhansuanha.vn\/?p=50\">Thi c\u00f4ng la phong tr\u1ea7n th\u1ea1ch cao tphcm<\/a><\/li>\n<li><a href=\"https:\/\/nhansuanha.vn\/?p=57\">thi c\u00f4ng v\u00e1ch ng\u0103n th\u1ea1ch cao,v\u00e1ch ng\u0103n nh\u1ef1a gi\u1ea3 g\u1ed5&#8230;.. tphcm<\/a><\/li>\n<li><a href=\"https:\/\/nhansuanha.vn\/?p=61\">thi c\u00f4ng la phong nh\u1ef1a tr\u1ea7n n\u1ed5i qu\u1eadn 5<\/a><\/li>\n<li><a href=\"https:\/\/nhansuanha.vn\/?p=65\">m\u1eabu th\u1ea1ch cao gi\u1eadt c\u1ea5p h\u1edf<\/a><\/li>\n<li><a href=\"https:\/\/nhansuanha.vn\/?p=74\">m\u1eabu la ph\u00f4ng nh\u1ef1a hcm<\/a><\/li>\n<li><a href=\"https:\/\/nhansuanha.vn\/?p=91\">s\u1eeda ch\u1eefa nh\u00e0 d\u00e2n d\u1ee5ng tphcm<\/a><\/li>\n<li><a href=\"https:\/\/nhansuanha.vn\/?p=94\">thi c\u00f4ng la phong nh\u1ef1a qu\u1eadn t\u00e2n b\u00ecnh<\/a><\/li>\n<\/ul>\n\t\t\n<style>\n#text-615469977 {\n  color: rgb(0, 0, 0);\n}\n#text-615469977 > * {\n  color: rgb(0, 0, 0);\n}\n<\/style>\n\t<\/div>\n\t\n\n\t\t<\/div>\n\t\t\t\t\t<\/div>\n\n\t\n\n<\/div>\n<div class=\"container section-title-container\" style=\"margin-top:30px;\"><h1 class=\"section-title section-title-center\"><b><\/b><span class=\"section-title-main\" style=\"font-size:150%;color:rgb(0, 182, 255);\">LI\u00caN H\u1ec6<\/span><b><\/b><\/h1><\/div>\n\n\t<section class=\"section\" id=\"section_1162499823\">\n\t\t<div class=\"bg section-bg fill bg-fill  \" >\n\n\t\t\t\n\t\t\t<div class=\"section-bg-overlay absolute fill\"><\/div>\n\t\t\t\n\t<div class=\"is-border\"\n\t\tstyle=\"border-color:rgb(235, 235, 235);border-width:1px 0px 0px 0px;\">\n\t<\/div>\n\n\t\t<\/div>\n\n\t\t\n\n\t\t<div class=\"section-content relative\">\n\t\t\t\n\n\n\t\t<\/div>\n\n\t\t\n<style>\n#section_1162499823 {\n  padding-top: 0px;\n  padding-bottom: 0px;\n  min-height: 300px;\n  background-color: rgb(228, 228, 228);\n}\n#section_1162499823 .section-bg-overlay {\n  background-color: rgba(255, 255, 255, 0.831);\n}\n#section_1162499823 .section-bg.bg-loaded {\n  background-image: url(https:\/\/nhansuanha.vn\/wp-content\/uploads\/2023\/02\/slide1.jpg);\n}\n#section_1162499823 .ux-shape-divider--top svg {\n  height: 150px;\n  --divider-top-width: 100%;\n}\n#section_1162499823 .ux-shape-divider--bottom svg {\n  height: 150px;\n  --divider-width: 100%;\n}\n<\/style>\n\t<\/section>\n\t\n\n","protected":false},"excerpt":{"rendered":"","protected":false},"author":1,"featured_media":0,"parent":0,"menu_order":0,"comment_status":"closed","ping_status":"closed","template":"page-blank.php","meta":{"footnotes":""},"class_list":["post-101","page","type-page","status-publish","hentry"],"_links":{"self":[{"href":"https:\/\/nhansuanha.vn\/index.php?rest_route=\/wp\/v2\/pages\/101","targetHints":{"allow":["GET"]}}],"collection":[{"href":"https:\/\/nhansuanha.vn\/index.php?rest_route=\/wp\/v2\/pages"}],"about":[{"href":"https:\/\/nhansuanha.vn\/index.php?rest_route=\/wp\/v2\/types\/page"}],"author":[{"embeddable":true,"href":"https:\/\/nhansuanha.vn\/index.php?rest_route=\/wp\/v2\/users\/1"}],"replies":[{"embeddable":true,"href":"https:\/\/nhansuanha.vn\/index.php?rest_route=%2Fwp%2Fv2%2Fcomments&post=101"}],"version-history":[{"count":10,"href":"https:\/\/nhansuanha.vn\/index.php?rest_route=\/wp\/v2\/pages\/101\/revisions"}],"predecessor-version":[{"id":460,"href":"https:\/\/nhansuanha.vn\/index.php?rest_route=\/wp\/v2\/pages\/101\/revisions\/460"}],"wp:attachment":[{"href":"https:\/\/nhansuanha.vn\/index.php?rest_route=%2Fwp%2Fv2%2Fmedia&parent=101"}],"curies":[{"name":"wp","href":"https:\/\/api.w.org\/{rel}","templated":true}]}}