{"id":25,"date":"2023-02-28T08:39:38","date_gmt":"2023-02-28T08:39:38","guid":{"rendered":"https:\/\/nhansuanha.vn\/?page_id=25"},"modified":"2023-03-13T13:33:49","modified_gmt":"2023-03-13T13:33:49","slug":"gioi-thieu","status":"publish","type":"page","link":"https:\/\/nhansuanha.vn\/?page_id=25","title":{"rendered":"GI\u1edaI THI\u1ec6U"},"content":{"rendered":"\n\t<section class=\"section\" id=\"section_1965541203\">\n\t\t<div class=\"bg section-bg fill bg-fill  bg-loaded\" >\n\n\t\t\t\n\t\t\t\n\t\t\t\n\n\t\t<\/div>\n\n\t\t\n\n\t\t<div class=\"section-content relative\">\n\t\t\t\n\n\t<div class=\"img has-hover x md-x lg-x y md-y lg-y\" id=\"image_1718938581\">\n\t\t\t\t\t\t\t\t<div class=\"img-inner dark\" >\n\t\t\t<img loading=\"lazy\" decoding=\"async\" width=\"1020\" height=\"128\" src=\"https:\/\/nhansuanha.vn\/wp-content\/uploads\/2023\/02\/banner-bar-1024x128.jpg\" class=\"attachment-large size-large\" alt=\"\" srcset=\"https:\/\/nhansuanha.vn\/wp-content\/uploads\/2023\/02\/banner-bar-1024x128.jpg 1024w, https:\/\/nhansuanha.vn\/wp-content\/uploads\/2023\/02\/banner-bar-300x38.jpg 300w, https:\/\/nhansuanha.vn\/wp-content\/uploads\/2023\/02\/banner-bar-768x96.jpg 768w, https:\/\/nhansuanha.vn\/wp-content\/uploads\/2023\/02\/banner-bar-1536x192.jpg 1536w, https:\/\/nhansuanha.vn\/wp-content\/uploads\/2023\/02\/banner-bar.jpg 1600w\" sizes=\"auto, (max-width: 1020px) 100vw, 1020px\" \/>\t\t\t\t\t\t\n\t\t\t\t\t<\/div>\n\t\t\t\t\t\t\t\t\n<style>\n#image_1718938581 {\n  width: 100%;\n}\n<\/style>\n\t<\/div>\n\t\n\n\n\t\t<\/div>\n\n\t\t\n<style>\n#section_1965541203 {\n  padding-top: 0px;\n  padding-bottom: 0px;\n}\n#section_1965541203 .ux-shape-divider--top svg {\n  height: 150px;\n  --divider-top-width: 100%;\n}\n#section_1965541203 .ux-shape-divider--bottom svg {\n  height: 150px;\n  --divider-width: 100%;\n}\n<\/style>\n\t<\/section>\n\t\n\t<section class=\"section\" id=\"section_1876052983\">\n\t\t<div class=\"bg section-bg fill bg-fill  bg-loaded\" >\n\n\t\t\t\n\t\t\t\n\t\t\t\n\n\t\t<\/div>\n\n\t\t\n\n\t\t<div class=\"section-content relative\">\n\t\t\t\n\n<div class=\"container section-title-container\" ><h1 class=\"section-title section-title-center\"><b><\/b><span class=\"section-title-main\" style=\"font-size:150%;color:rgb(0, 182, 255);\">GI\u1edaI THI\u1ec6U<\/span><b><\/b><\/h1><\/div>\n\n\t<div id=\"text-2413721362\" class=\"text\">\n\t\t\n\n<p>D\u1ecbch v\u1ee5 nh\u1eadn s\u1eefa ch\u1eefa nh\u00e0 gi\u00e1 r\u1ebb t\u1ea1i hcm, li\u00ean h\u1ec7 Gi\u1ea3 V\u0103n H\u1eadu &#8211; 0902 652 130<\/p>\n\t\t\n<style>\n#text-2413721362 {\n  text-align: center;\n}\n<\/style>\n\t<\/div>\n\t\n<div class=\"row\"  id=\"row-434775619\">\n\n\n\t<div id=\"col-1490670097\" class=\"col small-12 large-12\"  >\n\t\t\t\t<div class=\"col-inner\"  >\n\t\t\t\n\t\t\t\n\n<p><strong>nhansuanha.vn tr\u00e2n trong k\u00ednh ch\u00e0o qu\u00fd kh\u00e1ch<\/strong><\/p>\n<p>\u00a0<\/p>\n<p>L\u1eddi \u0111\u1ea7u ti\u00ean cho ph\u00e9p ch\u00fang t\u00f4i g\u1edfi l\u1eddi ch\u00fac s\u1ee9c kh\u1ecfe \u0111\u1ebfn qu\u00fd kh\u00e1ch m\u1ecdi s\u1ef1 may m\u1eafn.<\/p>\n<p>Sau nhi\u1ec1u n\u0103m l\u00e0m c\u00e1c c\u00f4ng tr\u00ecnh nh\u00e0, s\u1eeda nh\u00e0 t\u1ea1i tphcm, ch\u00fang t\u00f4i nh\u1eadn th\u1ea5y c\u00f3 r\u1ea5t nhi\u1ec1u ng\u01b0\u1eddi d\u00e2n b\u1ecb c\u00e1c v\u1ea5n \u0111\u1ec1 h\u1ecfng h\u00f3c trong nh\u00e0 v\u00e0 c\u1ea7n s\u1eeda ch\u1eefa nh\u01b0ng kh\u00f4ng bi\u1ebft t\u00ecm ng\u01b0\u1eddi l\u00e0m \u1edf \u0111\u00e2u. Th\u00f4ng qua internet ch\u00fang t\u00f4i x\u00e2y d\u1ef1ng website nhansuanha.vn l\u00e0m c\u1ea7u n\u1ed1i \u0111\u1ebfn qu\u00fd kh\u00e1ch h\u00e0ng v\u00e0 mong \u0111\u01b0\u1ee3c h\u1ed7 tr\u1ee3 qu\u00fd kh\u00e1ch gi\u1ea3i quy\u1ebft nh\u1eefng s\u1ef1 c\u1ed1 tr\u00ean.<\/p>\n\n\t\t<\/div>\n\t\t\t\t\t<\/div>\n\n\t\n\n<\/div>\n<div class=\"row\"  id=\"row-474291176\">\n\n\n\t<div id=\"col-715462001\" class=\"col small-12 large-12\"  >\n\t\t\t\t<div class=\"col-inner text-left\"  >\n\t\t\t\n\t\t\t\n\n<div class=\"row\"  id=\"row-2060044826\">\n\n\n\t<div id=\"col-755371256\" class=\"col small-12 large-12\"  >\n\t\t\t\t<div class=\"col-inner text-center\"  >\n\t\t\t\n\t\t\t\n\n\t<div class=\"img has-hover x md-x lg-x y md-y lg-y\" id=\"image_1470624340\">\n\t\t\t\t\t\t\t\t<div class=\"img-inner dark\" >\n\t\t\t<img loading=\"lazy\" decoding=\"async\" width=\"548\" height=\"356\" src=\"https:\/\/nhansuanha.vn\/wp-content\/uploads\/2023\/02\/gioi-thieu-dich-vu-sua-nha.png\" class=\"attachment-large size-large\" alt=\"\" srcset=\"https:\/\/nhansuanha.vn\/wp-content\/uploads\/2023\/02\/gioi-thieu-dich-vu-sua-nha.png 548w, https:\/\/nhansuanha.vn\/wp-content\/uploads\/2023\/02\/gioi-thieu-dich-vu-sua-nha-300x195.png 300w\" sizes=\"auto, (max-width: 548px) 100vw, 548px\" \/>\t\t\t\t\t\t\n\t\t\t\t\t<\/div>\n\t\t\t\t\t\t\t\t\n<style>\n#image_1470624340 {\n  width: 50%;\n}\n<\/style>\n\t<\/div>\n\t\n\n\n\t\t<\/div>\n\t\t\t\t\t<\/div>\n\n\t\n\n<\/div>\n\t<div id=\"text-3993583687\" class=\"text\">\n\t\t\n\n<p>D\u1ecbch v\u1ee5 s\u1eeda ch\u1eefa nh\u00e0 tr\u1ecdn g\u00f3i uy t\u00edn t\u1ea1i tphcm<\/p>\n\t\t\n<style>\n#text-3993583687 {\n  line-height: 1.5;\n  text-align: center;\n}\n<\/style>\n\t<\/div>\n\t\n<p><strong>Nhansuanha.vn<\/strong>\u00a0c\u00f3 nhi\u1ec1u c\u00f4ng nh\u00e2n l\u00e0nh ngh\u1ec1, n\u0103ng \u0111\u1ed9ng, nhi\u1ec7t huy\u1ebft ch\u1eafc ch\u1eafn s\u1ebd gi\u00fap cho qu\u00fd kh\u00e1ch h\u00e0ng h\u00e0i l\u00f2ng, v\u00e0 l\u00e0 n\u01a1i \u0111\u00e1ng tin c\u1eady khi gi\u1ea3i quy\u1ebft c\u00e1c v\u1ea5n \u0111\u1ec1 s\u1ef1 c\u1ed1 h\u1ecfng h\u00f3c trong nh\u00e0 ho\u1eb7c c\u00e1c c\u01a1 quan, x\u00ed nghi\u1ec7p.<\/p>\n<p>\u00a0<\/p>\n<p style=\"text-align: left;\">Ch\u00fang t\u00f4i nh\u1eadn\u00a0<strong>s\u1eeda ch\u1eefa nh\u00e0<\/strong>\u00a0v\u1edbi nh\u1eefng d\u1ecbch v\u1ee5 nh\u01b0 sau:<\/p>\n<ul>\n<li>Thi c\u00f4ng x\u00e2y d\u1ef1ng ph\u1ea7n th\u00f4<\/li>\n<li>S\u01a1n m\u1edbi nh\u00e0, s\u01a1n c\u1ee7a g\u1ed7, s\u01a1n c\u1eeda s\u1eaft<\/li>\n<li>S\u1eefa ch\u1eefa \u0111i\u1ec7n n\u01b0\u1edbc d\u00e2n d\u1ee5ng<\/li>\n<li>\u1ed0p l\u00e1t g\u1ea1ch t\u01b0\u1eddng, n\u1ec1n, s\u00e2n<\/li>\n<li>Thi c\u00f4ng tr\u1ea7n th\u1ea1ch cao, tr\u1ea7n nh\u1ef1a<\/li>\n<li>L\u1ed9p t\u00f4n m\u00e1i nh\u00e0, m\u00e1i hi\u00ean, x\u01b0\u1edfng<\/li>\n<li>Ch\u1ed1ng th\u1ea5m, ch\u1ed1ng d\u1ed9t, ch\u1ed1ng \u1ea9m \u01b0\u1edbt<\/li>\n<li>&#8230;<\/li>\n<\/ul>\n<p>Cho ph\u00e9p\u00a0<strong>nhansuanha.vn<\/strong>\u00a0\u0111\u01b0\u1ee3c h\u1ed7 tr\u1ee3 qu\u00fd kh\u00e1ch h\u00e0ng nh\u1eefng d\u1ecbch v\u1ee5 n\u00eau tr\u00ean. H\u00e2n h\u1ea1nh \u0111\u01b0\u1ee3c ph\u1ee5c v\u1ee5 qu\u00fd kh\u00e1ch.<\/p>\n<p>\u00a0<\/p>\n<p>M\u1ecdi nhu c\u1ea7u vui l\u00f2ng li\u00ean h\u1ec7:<\/p>\n<p><strong>GI\u1ea2 V\u0102N H\u1eacU<\/strong><\/p>\n<p>-->&gt; \u0110i\u1ec7n tho\u1ea1i:\u00a00902 652 130\u00a0ho\u1eb7c\u00a00938 279 628<\/p>\n\n\t\t<\/div>\n\t\t\t\t\t<\/div>\n\n\t\n\n<\/div>\n\n\t\t<\/div>\n\n\t\t\n<style>\n#section_1876052983 {\n  padding-top: 30px;\n  padding-bottom: 30px;\n}\n#section_1876052983 .ux-shape-divider--top svg {\n  height: 150px;\n  --divider-top-width: 100%;\n}\n#section_1876052983 .ux-shape-divider--bottom svg {\n  height: 150px;\n  --divider-width: 100%;\n}\n<\/style>\n\t<\/section>\n\t\n\n","protected":false},"excerpt":{"rendered":"","protected":false},"author":1,"featured_media":0,"parent":0,"menu_order":0,"comment_status":"closed","ping_status":"closed","template":"page-blank.php","meta":{"footnotes":""},"class_list":["post-25","page","type-page","status-publish","hentry"],"_links":{"self":[{"href":"https:\/\/nhansuanha.vn\/index.php?rest_route=\/wp\/v2\/pages\/25","targetHints":{"allow":["GET"]}}],"collection":[{"href":"https:\/\/nhansuanha.vn\/index.php?rest_route=\/wp\/v2\/pages"}],"about":[{"href":"https:\/\/nhansuanha.vn\/index.php?rest_route=\/wp\/v2\/types\/page"}],"author":[{"embeddable":true,"href":"https:\/\/nhansuanha.vn\/index.php?rest_route=\/wp\/v2\/users\/1"}],"replies":[{"embeddable":true,"href":"https:\/\/nhansuanha.vn\/index.php?rest_route=%2Fwp%2Fv2%2Fcomments&post=25"}],"version-history":[{"count":4,"href":"https:\/\/nhansuanha.vn\/index.php?rest_route=\/wp\/v2\/pages\/25\/revisions"}],"predecessor-version":[{"id":452,"href":"https:\/\/nhansuanha.vn\/index.php?rest_route=\/wp\/v2\/pages\/25\/revisions\/452"}],"wp:attachment":[{"href":"https:\/\/nhansuanha.vn\/index.php?rest_route=%2Fwp%2Fv2%2Fmedia&parent=25"}],"curies":[{"name":"wp","href":"https:\/\/api.w.org\/{rel}","templated":true}]}}